{"id":2757,"date":"2020-10-07T14:25:35","date_gmt":"2020-10-07T14:25:35","guid":{"rendered":"http:\/\/preissl-lab.net\/?page_id=2757"},"modified":"2026-03-06T11:41:54","modified_gmt":"2026-03-06T11:41:54","slug":"studieninformation","status":"publish","type":"page","link":"https:\/\/preissl-lab.net\/de\/studieninformation\/","title":{"rendered":"Studieninformation"},"content":{"rendered":"<p>Haben Sie Lust bei einer unserer Studien teilzunehmen? Hier finden sie Informationen zu unseren laufenden Projekten.<\/p>\n<p>Die Ansprechpartner f\u00fcr die jeweiligen Studien finden sie direkt auf den Flyern. F\u00fcr die Teilnahme an unseren fetalen Studien melden Sie sich gerne bei unserer Hebamme Frau <a href=\"https:\/\/preissl-lab.net\/people\/joana-aldinger\/\">Joana Aldinger<\/a>, per Telefon oder Mail.<\/p>\n<p>Wir freuen uns darauf Sie bald bei uns am Zentrum begr\u00fc\u00dfen zu d\u00fcrfen.<\/p>\n<figure id=\"attachment_3405\" aria-describedby=\"caption-attachment-3405\" style=\"width: 640px\" class=\"wp-caption aligncenter\"><a href=\"http:\/\/preissl-lab.net\/wp-content\/uploads\/2025\/03\/coverartworkcandidate.png\"><img decoding=\"async\" loading=\"lazy\" src=\"http:\/\/preissl-lab.net\/wp-content\/uploads\/2025\/03\/coverartworkcandidate-1024x870.png\" alt=\"\" width=\"640\" height=\"544\" class=\"size-large wp-image-3405\" srcset=\"https:\/\/preissl-lab.net\/wp-content\/uploads\/2025\/03\/coverartworkcandidate-1024x870.png 1024w, https:\/\/preissl-lab.net\/wp-content\/uploads\/2025\/03\/coverartworkcandidate-300x255.png 300w, https:\/\/preissl-lab.net\/wp-content\/uploads\/2025\/03\/coverartworkcandidate-768x653.png 768w, https:\/\/preissl-lab.net\/wp-content\/uploads\/2025\/03\/coverartworkcandidate-1536x1306.png 1536w, https:\/\/preissl-lab.net\/wp-content\/uploads\/2025\/03\/coverartworkcandidate-2048x1741.png 2048w, https:\/\/preissl-lab.net\/wp-content\/uploads\/2025\/03\/coverartworkcandidate-1200x1020.png 1200w, https:\/\/preissl-lab.net\/wp-content\/uploads\/2025\/03\/coverartworkcandidate-235x200.png 235w, https:\/\/preissl-lab.net\/wp-content\/uploads\/2025\/03\/coverartworkcandidate-500x425.png 500w\" sizes=\"(max-width: 640px) 100vw, 640px\" \/><\/a><figcaption id=\"caption-attachment-3405\" class=\"wp-caption-text\">Artwork by Dr. Katrin Sippel featured in Frohlich et al. 2023 Neuroimage [https:\/\/doi.org\/10.1016\/j.neuroimage.2023.120057]<\/figcaption><\/figure>\n","protected":false},"excerpt":{"rendered":"<p>Haben Sie Lust bei einer unserer Studien teilzunehmen? Hier finden sie Informationen zu unseren laufenden Projekten. Die Ansprechpartner f\u00fcr die jeweiligen Studien finden sie direkt auf den Flyern. F\u00fcr die Teilnahme an unseren fetalen Studien &hellip; <a href=\"https:\/\/preissl-lab.net\/de\/studieninformation\/\" class=\"more-link\"><span class=\"screen-reader-text\">Studieninformation<\/span> weiterlesen <span class=\"meta-nav\">&rarr;<\/span><\/a><\/p>\n","protected":false},"author":1,"featured_media":3405,"parent":0,"menu_order":0,"comment_status":"closed","ping_status":"closed","template":"","meta":[],"translation":{"provider":"WPGlobus","version":"2.10.8","language":"de","enabled_languages":["en","de"],"languages":{"en":{"title":true,"content":true,"excerpt":false},"de":{"title":true,"content":true,"excerpt":false}}},"yoast_head":"<!-- This site is optimized with the Yoast SEO plugin v20.0 - https:\/\/yoast.com\/wordpress\/plugins\/seo\/ -->\n<title>Studieninformation - Preissl Lab<\/title>\n<meta name=\"robots\" content=\"index, follow, max-snippet:-1, max-image-preview:large, max-video-preview:-1\" \/>\n<link rel=\"canonical\" href=\"https:\/\/preissl-lab.net\/studieninformation\/\" \/>\n<meta property=\"og:locale\" content=\"de_DE\" \/>\n<meta property=\"og:type\" content=\"article\" \/>\n<meta property=\"og:title\" content=\"Studieninformation - Preissl Lab\" \/>\n<meta property=\"og:url\" content=\"https:\/\/preissl-lab.net\/studieninformation\/\" \/>\n<meta property=\"og:site_name\" content=\"Preissl Lab\" \/>\n<meta property=\"article:modified_time\" content=\"2026-03-06T11:41:54+00:00\" \/>\n<meta property=\"og:image\" content=\"http:\/\/preissl-lab.net\/wp-content\/uploads\/2025\/03\/coverartworkcandidate-1024x870.png\" \/>\n\t<meta property=\"og:image:width\" content=\"1024\" \/>\n\t<meta property=\"og:image:height\" content=\"870\" \/>\n\t<meta property=\"og:image:type\" content=\"image\/png\" \/>\n<meta name=\"twitter:card\" content=\"summary_large_image\" \/>\n<meta name=\"twitter:label1\" content=\"Gesch\u00e4tzte Lesezeit\" \/>\n\t<meta name=\"twitter:data1\" content=\"1 Minute\" \/>\n<script type=\"application\/ld+json\" class=\"yoast-schema-graph\">{\"@context\":\"https:\/\/schema.org\",\"@graph\":[{\"@type\":\"WebPage\",\"@id\":\"https:\/\/preissl-lab.net\/studieninformation\/\",\"url\":\"https:\/\/preissl-lab.net\/studieninformation\/\",\"name\":\"Studieninformation - Preissl Lab\",\"isPartOf\":{\"@id\":\"https:\/\/preissl-lab.net\/#website\"},\"datePublished\":\"2020-10-07T14:25:35+00:00\",\"dateModified\":\"2026-03-06T11:41:54+00:00\",\"breadcrumb\":{\"@id\":\"https:\/\/preissl-lab.net\/studieninformation\/#breadcrumb\"},\"inLanguage\":\"de-DE\",\"potentialAction\":[{\"@type\":\"ReadAction\",\"target\":[\"https:\/\/preissl-lab.net\/studieninformation\/\"]}]},{\"@type\":\"BreadcrumbList\",\"@id\":\"https:\/\/preissl-lab.net\/studieninformation\/#breadcrumb\",\"itemListElement\":[{\"@type\":\"ListItem\",\"position\":1,\"name\":\"Startseite\",\"item\":\"https:\/\/preissl-lab.net\/\"},{\"@type\":\"ListItem\",\"position\":2,\"name\":\"Studies\"}]},{\"@type\":\"WebSite\",\"@id\":\"https:\/\/preissl-lab.net\/#website\",\"url\":\"https:\/\/preissl-lab.net\/\",\"name\":\"Preissl Lab\",\"description\":\"fMEG Center\",\"potentialAction\":[{\"@type\":\"SearchAction\",\"target\":{\"@type\":\"EntryPoint\",\"urlTemplate\":\"https:\/\/preissl-lab.net\/?s={search_term_string}\"},\"query-input\":\"required name=search_term_string\"}],\"inLanguage\":\"de-DE\"}]}<\/script>\n<!-- \/ Yoast SEO plugin. -->","yoast_head_json":{"title":"Studieninformation - Preissl Lab","robots":{"index":"index","follow":"follow","max-snippet":"max-snippet:-1","max-image-preview":"max-image-preview:large","max-video-preview":"max-video-preview:-1"},"canonical":"https:\/\/preissl-lab.net\/studieninformation\/","og_locale":"de_DE","og_type":"article","og_title":"Studieninformation - Preissl Lab","og_url":"https:\/\/preissl-lab.net\/studieninformation\/","og_site_name":"Preissl Lab","article_modified_time":"2026-03-06T11:41:54+00:00","og_image":[{"width":1024,"height":870,"url":"http:\/\/preissl-lab.net\/wp-content\/uploads\/2025\/03\/coverartworkcandidate-1024x870.png","type":"image\/png"}],"twitter_card":"summary_large_image","twitter_misc":{"Gesch\u00e4tzte Lesezeit":"1 Minute"},"schema":{"@context":"https:\/\/schema.org","@graph":[{"@type":"WebPage","@id":"https:\/\/preissl-lab.net\/studieninformation\/","url":"https:\/\/preissl-lab.net\/studieninformation\/","name":"Studieninformation - Preissl Lab","isPartOf":{"@id":"https:\/\/preissl-lab.net\/#website"},"datePublished":"2020-10-07T14:25:35+00:00","dateModified":"2026-03-06T11:41:54+00:00","breadcrumb":{"@id":"https:\/\/preissl-lab.net\/studieninformation\/#breadcrumb"},"inLanguage":"de-DE","potentialAction":[{"@type":"ReadAction","target":["https:\/\/preissl-lab.net\/studieninformation\/"]}]},{"@type":"BreadcrumbList","@id":"https:\/\/preissl-lab.net\/studieninformation\/#breadcrumb","itemListElement":[{"@type":"ListItem","position":1,"name":"Startseite","item":"https:\/\/preissl-lab.net\/"},{"@type":"ListItem","position":2,"name":"Studies"}]},{"@type":"WebSite","@id":"https:\/\/preissl-lab.net\/#website","url":"https:\/\/preissl-lab.net\/","name":"Preissl Lab","description":"fMEG Center","potentialAction":[{"@type":"SearchAction","target":{"@type":"EntryPoint","urlTemplate":"https:\/\/preissl-lab.net\/?s={search_term_string}"},"query-input":"required name=search_term_string"}],"inLanguage":"de-DE"}]}},"_links":{"self":[{"href":"https:\/\/preissl-lab.net\/de\/wp-json\/wp\/v2\/pages\/2757"}],"collection":[{"href":"https:\/\/preissl-lab.net\/de\/wp-json\/wp\/v2\/pages"}],"about":[{"href":"https:\/\/preissl-lab.net\/de\/wp-json\/wp\/v2\/types\/page"}],"author":[{"embeddable":true,"href":"https:\/\/preissl-lab.net\/de\/wp-json\/wp\/v2\/users\/1"}],"replies":[{"embeddable":true,"href":"https:\/\/preissl-lab.net\/de\/wp-json\/wp\/v2\/comments?post=2757"}],"version-history":[{"count":9,"href":"https:\/\/preissl-lab.net\/de\/wp-json\/wp\/v2\/pages\/2757\/revisions"}],"predecessor-version":[{"id":3484,"href":"https:\/\/preissl-lab.net\/de\/wp-json\/wp\/v2\/pages\/2757\/revisions\/3484"}],"wp:featuredmedia":[{"embeddable":true,"href":"https:\/\/preissl-lab.net\/de\/wp-json\/wp\/v2\/media\/3405"}],"wp:attachment":[{"href":"https:\/\/preissl-lab.net\/de\/wp-json\/wp\/v2\/media?parent=2757"}],"curies":[{"name":"wp","href":"https:\/\/api.w.org\/{rel}","templated":true}]}}